{"id":95,"date":"2024-07-03T00:42:19","date_gmt":"2024-07-02T22:42:19","guid":{"rendered":"http:\/\/oldtimer-fahrten-bayern.de\/oldtimer\/?page_id=95"},"modified":"2024-07-03T00:42:19","modified_gmt":"2024-07-02T22:42:19","slug":"agbs","status":"publish","type":"page","link":"https:\/\/oldtimer-fahrten-bayern.de\/startseite\/agbs\/","title":{"rendered":"AGBs"},"content":{"rendered":"\n\n\n<pre class=\"wp-block-preformatted has-heading-font-family has-medium-font-size\">1.\tGeltungsbereich<br>1.1.\tDiese Allgemeinen Gesch\u00e4ftsbedingungen (AGB) gelten f\u00fcr alle Dienstleistungen, die von Oldtimer-Fahrten Bayern (im Folgenden \"Anbieter\") gegen\u00fcber dem Kunden erbracht werden.<br>1.2.\tAbweichende, entgegenstehende oder erg\u00e4nzende AGB des Kunden werden nur Vertragsbestandteil, wenn ihrer Geltung ausdr\u00fccklich zugestimmt wurde.<br><br>2.\tVertragsabschluss<br>2.1.\tDie Darstellung der Dienstleistungen auf der Webseite stellt kein rechtlich bindendes Angebot dar. Der Kunde gibt durch seine Buchung ein verbindliches Angebot ab.<br>2.2.\tDer Vertrag kommt erst mit der schriftlichen Best\u00e4tigung der Buchung durch den Anbieter zustande.<br><br>3.\tLeistungen<br>3.1.\tDer Anbieter stellt dem Kunden einen Oldtimer inklusive Chauffeur f\u00fcr die gebuchte Dauer zur Verf\u00fcgung.<br>3.2.\tDie Inklusivleistungen beinhalten stilvollen Autoschmuck, eine Flasche Champagner und einen professionellen Chauffeur im Anzug. Auf Wunsch kann der Chauffeur einen Zylinder tragen.<br>3.3.\tZusatzleistungen wie ma\u00dfgeschneiderte Dekorationen mit frischen Blumen sind nach Absprache m\u00f6glich und werden gesondert berechnet.<br><br>4.\tPreise und Zahlungsbedingungen<br>4.1.\tEs gelten die auf der Webseite angegebenen Preise: 200\u20ac f\u00fcr 2 Stunden, 350\u20ac f\u00fcr 4 Stunden und 600\u20ac f\u00fcr einen ganzen Tag.<br>4.2.\tAlle Preise verstehen sich inklusive der gesetzlichen Mehrwertsteuer.<br>4.3.\tDer Kunde erh\u00e4lt eine Rechnung, die innerhalb von 14 Tagen nach Rechnungsdatum zu zahlen ist.<br>4.4.\tBei kurzfristigen Buchungen (weniger als 7 Tage vor dem Termin) ist der Rechnungsbetrag sofort f\u00e4llig.<br><br>5.\t\u00dcberschreitung der gebuchten Fahrzeit<br>5.1.\tSollte die gebuchte Fahrzeit \u00fcberschritten werden, wird der jeweils n\u00e4chste h\u00f6here Tarif berechnet und ist f\u00e4llig.<br>5.2.\tBeispiel: Wird eine Buchung f\u00fcr 2 Stunden \u00fcberschritten, werden die Kosten f\u00fcr 4 Stunden in Rechnung gestellt. Wird eine Buchung f\u00fcr 4 Stunden \u00fcberschritten, werden die Kosten f\u00fcr einen ganzen Tag in Rechnung gestellt.<br><br>6.\tStornierung und R\u00fccktritt<br>6.1.\tStornierungskosten<br>6.1.1.\tStornierung bis 28 Tage vor dem Termin: Keine Stornierungsgeb\u00fchr, volle R\u00fcckerstattung.<br>6.1.2.\tStornierung 27 bis 14 Tage vor dem Termin: 25% des Gesamtbetrages.<br>6.1.3.\tStornierung 13 bis 7 Tage vor dem Termin: 50% des Gesamtbetrages.<br>6.1.4.\tStornierung 6 Tage oder weniger vor dem Termin: 100% des Gesamtbetrages.<br>6.2.\tBesondere Umst\u00e4nde<br>6.2.1.\tSchlechtes Wetter: Sollte die Fahrt aufgrund von schlechten Wetterbedingungen (z.B. starker Regen, Sturm) nicht stattfinden k\u00f6nnen, bieten wir Ihnen eine kostenlose Umbuchung auf einen anderen Termin oder einen Gutschein an. Der Gutschein ist nach den allgemeinen gesetzlichen Bestimmungen g\u00fcltig und verj\u00e4hrt nach 3 Jahren.<br>6.2.2.\tKrankheit oder Notf\u00e4lle: Im Falle einer Krankheit oder eines Notfalls und bei Vorlage eines \u00e4rztlichen Attests eines Amtsarztes oder eines anderen glaubw\u00fcrdigen Nachweises, bieten wir Ihnen ebenfalls eine kostenlose Umbuchung auf einen anderen Termin oder einen Gutschein an. Der Gutschein ist nach den allgemeinen gesetzlichen Bestimmungen g\u00fcltig und verj\u00e4hrt nach 3 Jahren.<br>6.3.\tDer Anbieter beh\u00e4lt sich das Recht vor, aus wichtigen Gr\u00fcnden (z.B. technische Defekte, h\u00f6here Gewalt) vom Vertrag zur\u00fcckzutreten. In diesem Fall wird der bereits gezahlte Betrag vollst\u00e4ndig erstattet.<br><br>7.\tHaftung<br>7.1.\tDer Anbieter haftet f\u00fcr Sch\u00e4den, die auf einer vors\u00e4tzlichen oder grob fahrl\u00e4ssigen Pflichtverletzung des Anbieters, seines gesetzlichen Vertreters oder Erf\u00fcllungsgehilfen beruhen.<br>7.2.\tF\u00fcr leichte Fahrl\u00e4ssigkeit haftet der Anbieter nur bei Verletzung wesentlicher Vertragspflichten (Kardinalpflichten). In diesem Fall ist die Haftung auf den typischerweise vorhersehbaren Schaden begrenzt.<br>7.3.\tEine weitergehende Haftung ist ausgeschlossen.<br><br>8.\tPflichten des Kunden<br>8.1.\tDer Kunde ist verpflichtet, die gebuchten Leistungen p\u00fcnktlich in Anspruch zu nehmen. Versp\u00e4tungen des Kunden gehen zu dessen Lasten und berechtigen nicht zur Verl\u00e4ngerung der vereinbarten Mietzeit.<br>8.2.\tDer Kunde haftet f\u00fcr Sch\u00e4den, die durch ihn oder seine G\u00e4ste am Fahrzeug verursacht werden.<br><br>9.\tDatenschutz<br>9.1.\tDer Anbieter verarbeitet personenbezogene Daten des Kunden zur Erf\u00fcllung der vertraglichen Verpflichtungen gem\u00e4\u00df den geltenden Datenschutzbestimmungen.<br>9.2.\tWeitere Informationen sind in der Datenschutzerkl\u00e4rung auf der Webseite zu finden.<br><br>10.\tSchlussbestimmungen<br>10.1.\tEs gilt das Recht der Bundesrepublik Deutschland.<br>10.2.\tErf\u00fcllungsort und Gerichtsstand ist der Sitz des Anbieters, sofern der Kunde Kaufmann, juristische Person des \u00f6ffentlichen Rechts oder \u00f6ffentlich-rechtliches Sonderverm\u00f6gen ist.<br>10.3.\tSollten einzelne Bestimmungen dieser AGB ganz oder teilweise unwirksam sein, bleibt die Wirksamkeit der \u00fcbrigen Bestimmungen unber\u00fchrt. Anstelle der unwirksamen Bestimmung tritt eine Regelung, die dem wirtschaftlichen Zweck der unwirksamen Bestimmung am n\u00e4chsten kommt.<br><\/pre>\n","protected":false},"excerpt":{"rendered":"<p>1. Geltungsbereich1.1. Diese Allgemeinen Gesch\u00e4ftsbedingungen (AGB) gelten f\u00fcr alle Dienstleistungen, die von Oldtimer-Fahrten Bayern (im Folgenden &#8222;Anbieter&#8220;) gegen\u00fcber dem Kunden erbracht werden.1.2. Abweichende, entgegenstehende oder erg\u00e4nzende AGB des Kunden werden nur Vertragsbestandteil, wenn ihrer Geltung ausdr\u00fccklich zugestimmt wurde.2. Vertragsabschluss2.1. Die Darstellung der Dienstleistungen auf der Webseite stellt kein rechtlich bindendes Angebot dar. Der Kunde gibt [&hellip;]<\/p>\n","protected":false},"author":1,"featured_media":0,"parent":0,"menu_order":0,"comment_status":"closed","ping_status":"closed","template":"","meta":{"footnotes":""},"class_list":["post-95","page","type-page","status-publish","hentry"],"_links":{"self":[{"href":"https:\/\/oldtimer-fahrten-bayern.de\/startseite\/wp-json\/wp\/v2\/pages\/95","targetHints":{"allow":["GET"]}}],"collection":[{"href":"https:\/\/oldtimer-fahrten-bayern.de\/startseite\/wp-json\/wp\/v2\/pages"}],"about":[{"href":"https:\/\/oldtimer-fahrten-bayern.de\/startseite\/wp-json\/wp\/v2\/types\/page"}],"author":[{"embeddable":true,"href":"https:\/\/oldtimer-fahrten-bayern.de\/startseite\/wp-json\/wp\/v2\/users\/1"}],"replies":[{"embeddable":true,"href":"https:\/\/oldtimer-fahrten-bayern.de\/startseite\/wp-json\/wp\/v2\/comments?post=95"}],"version-history":[{"count":2,"href":"https:\/\/oldtimer-fahrten-bayern.de\/startseite\/wp-json\/wp\/v2\/pages\/95\/revisions"}],"predecessor-version":[{"id":97,"href":"https:\/\/oldtimer-fahrten-bayern.de\/startseite\/wp-json\/wp\/v2\/pages\/95\/revisions\/97"}],"wp:attachment":[{"href":"https:\/\/oldtimer-fahrten-bayern.de\/startseite\/wp-json\/wp\/v2\/media?parent=95"}],"curies":[{"name":"wp","href":"https:\/\/api.w.org\/{rel}","templated":true}]}}