{"id":86,"date":"2024-07-03T00:29:02","date_gmt":"2024-07-02T22:29:02","guid":{"rendered":"http:\/\/oldtimer-fahrten-bayern.de\/oldtimer\/?page_id=86"},"modified":"2024-11-28T18:44:29","modified_gmt":"2024-11-28T17:44:29","slug":"faqs","status":"publish","type":"page","link":"https:\/\/oldtimer-fahrten-bayern.de\/startseite\/faqs\/","title":{"rendered":"FAQs"},"content":{"rendered":"\n\n\n<details class=\"wp-block-details has-heading-font-family is-layout-flow wp-block-details-is-layout-flow\" style=\"font-size:clamp(0.875rem, 0.875rem + ((1vw - 0.2rem) * 0.773), 1.3rem);\"><summary>Wie buche ich eine Fahrt?<\/summary>\n<p>Sie k\u00f6nnen uns \u00fcber das <a href=\"https:\/\/oldtimer-fahrten-bayern.de\/startseite\/kontakt\/\">Kontaktformular<\/a> oder telefonisch erreichen, um Ihre Buchung zu t\u00e4tigen.<\/p>\n<\/details>\n\n\n\n<details class=\"wp-block-details has-heading-font-family is-layout-flow wp-block-details-is-layout-flow\" style=\"font-size:clamp(0.875rem, 0.875rem + ((1vw - 0.2rem) * 0.773), 1.3rem);\"><summary>Welche Zahlungsarten akzeptieren Sie?<\/summary>\n<p>Wir akzeptieren \u00dcberweisung, Bargeld und PayPal.<\/p>\n<\/details>\n\n\n\n<details class=\"wp-block-details has-heading-font-family is-layout-flow wp-block-details-is-layout-flow\" style=\"font-size:clamp(0.875rem, 0.875rem + ((1vw - 0.2rem) * 0.773), 1.3rem);\"><summary>Kann ich die Buchung stornieren?<\/summary>\n<p><strong>Stornierungsbedingungen<\/strong><\/p>\n\n\n\n<p>Wir verstehen, dass sich Pl\u00e4ne \u00e4ndern k\u00f6nnen. Daher bieten wir Ihnen flexible Stornierungsbedingungen an. Bitte beachten Sie die folgenden Regelungen:<\/p>\n\n\n\n<p>Stornierungskosten<\/p>\n\n\n\n<ul class=\"wp-block-list\">\n<li>Stornierung bis 28 Tage vor dem Termin: Keine Stornierungsgeb\u00fchr, volle R\u00fcckerstattung.<ul><li>Stornierung 27 bis 14 Tage vor dem Termin: 25% des Gesamtbetrages.<\/li><\/ul><ul><li>Stornierung 13 bis 7 Tage vor dem Termin: 50% des Gesamtbetrages.<\/li><\/ul>\n<ul class=\"wp-block-list\">\n<li>Stornierung 6 Tage oder weniger vor dem Termin: 100% des Gesamtbetrages.<\/li>\n<\/ul>\n<\/li>\n<\/ul>\n\n\n\n<p>Besondere Umst\u00e4nde<\/p>\n\n\n\n<ul class=\"wp-block-list\">\n<li><strong>Schlechtes Wetter:<\/strong> Sollte die Fahrt aufgrund von schlechten Wetterbedingungen (z.B. starker Regen, Sturm) nicht stattfinden k\u00f6nnen, bieten wir Ihnen eine kostenlose Umbuchung auf einen anderen Termin oder einen Gutschein an. Der Gutschein ist nach den allgemeinen gesetzlichen Bestimmungen g\u00fcltig und verj\u00e4hrt nach 3 Jahren.<\/li>\n<\/ul>\n\n\n\n<ul class=\"wp-block-list\">\n<li><strong>Krankheit oder Notf\u00e4lle<\/strong>: Im Falle einer Krankheit oder eines Notfalls und bei Vorlage eines \u00e4rztlichen Attests eines Amtsarztes oder eines anderen glaubw\u00fcrdigen Nachweises, bieten wir Ihnen ebenfalls eine kostenlose Umbuchung auf einen anderen Termin oder einen Gutschein an. Der Gutschein ist nach den allgemeinen gesetzlichen Bestimmungen g\u00fcltig und verj\u00e4hrt nach 3 Jahren.<\/li>\n<\/ul>\n\n\n\n<p>Wir m\u00f6chten sicherstellen, dass Sie ein wunderbares Erlebnis mit uns haben, und stehen Ihnen f\u00fcr weitere Fragen gerne zur Verf\u00fcgung. Bitte kontaktieren Sie uns rechtzeitig, um Ihre Buchung zu \u00e4ndern oder zu stornieren.<\/p>\n<\/details>\n\n\n\n<details class=\"wp-block-details has-heading-font-family is-layout-flow wp-block-details-is-layout-flow\" style=\"font-size:clamp(0.875rem, 0.875rem + ((1vw - 0.2rem) * 0.773), 1.3rem);\"><summary>Sind individuelle W\u00fcnsche m\u00f6glich?<\/summary>\n<p>Ja, wir ber\u00fccksichtigen gerne Ihre individuellen W\u00fcnsche &#8211; sprechen Sie uns dazu einfach an.<\/p>\n<\/details>\n\n\n\n<details class=\"wp-block-details has-heading-font-family is-layout-flow wp-block-details-is-layout-flow\" style=\"font-size:clamp(0.875rem, 0.875rem + ((1vw - 0.2rem) * 0.773), 1.3rem);\"><summary>Was passiert, wenn der Oldtimer doch l\u00e4nger als zum gebuchten Termin gebraucht wird?<\/summary>\n<p>Sollte die gebuchte Fahrzeit \u00fcberschritten werden, wird der jeweils n\u00e4chste h\u00f6here Tarif berechnet und f\u00e4llig.<\/p>\n\n\n\n<p><em>Beispiel<\/em>: Wird eine Buchung f\u00fcr 2 Stunden \u00fcberschritten, werden die Kosten f\u00fcr 4 Stunden in Rechnung gestellt. Wird eine Buchung f\u00fcr 4 Stunden \u00fcberschritten, werden die Kosten f\u00fcr einen ganzen Tag (8 Stunden) in Rechnung gestellt.<\/p>\n<\/details>\n","protected":false},"excerpt":{"rendered":"","protected":false},"author":1,"featured_media":0,"parent":0,"menu_order":0,"comment_status":"closed","ping_status":"closed","template":"","meta":{"footnotes":""},"class_list":["post-86","page","type-page","status-publish","hentry"],"_links":{"self":[{"href":"https:\/\/oldtimer-fahrten-bayern.de\/startseite\/wp-json\/wp\/v2\/pages\/86","targetHints":{"allow":["GET"]}}],"collection":[{"href":"https:\/\/oldtimer-fahrten-bayern.de\/startseite\/wp-json\/wp\/v2\/pages"}],"about":[{"href":"https:\/\/oldtimer-fahrten-bayern.de\/startseite\/wp-json\/wp\/v2\/types\/page"}],"author":[{"embeddable":true,"href":"https:\/\/oldtimer-fahrten-bayern.de\/startseite\/wp-json\/wp\/v2\/users\/1"}],"replies":[{"embeddable":true,"href":"https:\/\/oldtimer-fahrten-bayern.de\/startseite\/wp-json\/wp\/v2\/comments?post=86"}],"version-history":[{"count":8,"href":"https:\/\/oldtimer-fahrten-bayern.de\/startseite\/wp-json\/wp\/v2\/pages\/86\/revisions"}],"predecessor-version":[{"id":215,"href":"https:\/\/oldtimer-fahrten-bayern.de\/startseite\/wp-json\/wp\/v2\/pages\/86\/revisions\/215"}],"wp:attachment":[{"href":"https:\/\/oldtimer-fahrten-bayern.de\/startseite\/wp-json\/wp\/v2\/media?parent=86"}],"curies":[{"name":"wp","href":"https:\/\/api.w.org\/{rel}","templated":true}]}}