{"id":36,"date":"2024-07-02T23:33:21","date_gmt":"2024-07-02T21:33:21","guid":{"rendered":"http:\/\/oldtimer-fahrten-bayern.de\/oldtimer\/?page_id=36"},"modified":"2024-11-28T18:34:43","modified_gmt":"2024-11-28T17:34:43","slug":"angebote","status":"publish","type":"page","link":"https:\/\/oldtimer-fahrten-bayern.de\/startseite\/angebote\/","title":{"rendered":"Angebote"},"content":{"rendered":"\n<div class=\"wp-block-group is-nowrap is-layout-flex wp-container-core-group-is-layout-6c531013 wp-block-group-is-layout-flex\">\n<p><a href=\"#oldtimer-fahrten\">Oldtimer-Fahrten<\/a><\/p>\n\n\n\n<p><a href=\"#picknickfahrten\">Picknickfahrten<\/a><\/p>\n<\/div>\n\n\n\n<h2 class=\"wp-block-heading\" id=\"oldtimer-fahrten\">Oldtimer-Fahrten<\/h2>\n\n\n\n<div style=\"height:0px\" aria-hidden=\"true\" class=\"wp-block-spacer\"><\/div>\n\n\n\n<p class=\"has-heading-font-family\" style=\"font-size:clamp(0.875rem, 0.875rem + ((1vw - 0.2rem) * 0.591), 1.2rem);\">Lassen Sie sich von der Eleganz vergangener Zeiten verzaubern und machen Sie Ihre Feier zu einem einzigartigen Erlebnis. Kontaktieren Sie uns noch heute und buchen Sie Ihre nostalgische Oldtimer-Fahrt!<\/p>\n\n\n\n<p class=\"has-heading-font-family\" style=\"font-size:clamp(0.875rem, 0.875rem + ((1vw - 0.2rem) * 0.773), 1.3rem);text-decoration:underline\">Unsere Tarife:<\/p>\n\n\n\n<ul class=\"wp-block-list\">\n<li class=\"has-heading-font-family\" style=\"font-size:clamp(0.875rem, 0.875rem + ((1vw - 0.2rem) * 0.591), 1.2rem);\">300 \u20ac f\u00fcr 2 Stunden Fahrt<\/li>\n\n\n\n<li class=\"has-heading-font-family\" style=\"font-size:clamp(0.875rem, 0.875rem + ((1vw - 0.2rem) * 0.591), 1.2rem);\">550 \u20ac\u00a0f\u00fcr 4 Stunden Fahrt<\/li>\n\n\n\n<li class=\"has-heading-font-family\" style=\"font-size:clamp(0.875rem, 0.875rem + ((1vw - 0.2rem) * 0.591), 1.2rem);\">800 \u20ac f\u00fcr einen ganzen Tag (8 Stunden)<\/li>\n<\/ul>\n\n\n\n<div style=\"height:9px\" aria-hidden=\"true\" class=\"wp-block-spacer\"><\/div>\n\n\n\n<p class=\"has-heading-font-family\" style=\"font-size:clamp(0.875rem, 0.875rem + ((1vw - 0.2rem) * 0.773), 1.3rem);text-decoration:underline\">Inklusive Leistungen<\/p>\n\n\n\n<ul class=\"wp-block-list\">\n<li class=\"has-heading-font-family\" style=\"font-size:clamp(0.875rem, 0.875rem + ((1vw - 0.2rem) * 0.591), 1.2rem);\">Stilvoller Autoschmuck<\/li>\n\n\n\n<li class=\"has-heading-font-family\" style=\"font-size:clamp(0.875rem, 0.875rem + ((1vw - 0.2rem) * 0.591), 1.2rem);\">Professioneller Chauffeur im Anzug (wahlweise m\u00e4nnlich oder weiblich)<\/li>\n\n\n\n<li class=\"has-heading-font-family\" style=\"font-size:clamp(0.875rem, 0.875rem + ((1vw - 0.2rem) * 0.591), 1.2rem);\">Eine Flasche Champagner f\u00fcr den besonderen Genuss<\/li>\n\n\n\n<li class=\"has-heading-font-family\" style=\"font-size:clamp(0.875rem, 0.875rem + ((1vw - 0.2rem) * 0.591), 1.2rem);\">Unvergessliche Bilder mit dem Oldtimer<\/li>\n<\/ul>\n\n\n\n<div style=\"height:12px\" aria-hidden=\"true\" class=\"wp-block-spacer\"><\/div>\n\n\n\n<p class=\"has-heading-font-family\" style=\"font-size:clamp(0.875rem, 0.875rem + ((1vw - 0.2rem) * 0.773), 1.3rem);text-decoration:underline\">Zusatzleistungen<\/p>\n\n\n\n<ul class=\"wp-block-list\">\n<li class=\"has-heading-font-family\" style=\"font-size:clamp(0.875rem, 0.875rem + ((1vw - 0.2rem) * 0.591), 1.2rem);\">Ma\u00dfgeschneiderte Dekorationen mit frischen Blumen (Preis individuell nach Umfang)<\/li>\n\n\n\n<li class=\"has-heading-font-family\" style=\"font-size:clamp(0.875rem, 0.875rem + ((1vw - 0.2rem) * 0.591), 1.2rem);\">Stilvoller G\u00e4stetransport: auf Wunsch bieten wir auch den Hin- und Hertransport Ihrer G\u00e4ste an, damit jeder stilvoll und sicher ankommt.<\/li>\n<\/ul>\n\n\n\n<div style=\"height:12px\" aria-hidden=\"true\" class=\"wp-block-spacer\"><\/div>\n\n\n\n<p class=\"has-heading-font-family\" style=\"font-size:clamp(0.875rem, 0.875rem + ((1vw - 0.2rem) * 0.773), 1.3rem);text-decoration:underline\">An- und Abfahrtskosten<\/p>\n\n\n\n<p class=\"has-heading-font-family\" style=\"font-size:clamp(0.875rem, 0.875rem + ((1vw - 0.2rem) * 0.591), 1.2rem);\">Bitte beachten Sie, dass zu den genannten Preisen zus\u00e4tzliche <strong>An- und Abfahrtskosten in H\u00f6he von 0,50 \u20ac pro Kilometer<\/strong> hinzukommen.<\/p>\n\n\n\n<p class=\"has-heading-font-family\" style=\"font-size:clamp(0.875rem, 0.875rem + ((1vw - 0.2rem) * 0.591), 1.2rem);\">Unser Ziel ist es, Ihnen einen erstklassigen Service zu bieten und dabei eine transparente Preisgestaltung zu gew\u00e4hrleisten. Sprechen Sie uns gerne an, um die genauen Kosten f\u00fcr Ihre Wunschroute zu erfahren.<\/p>\n\n\n\n<div style=\"height:13px\" aria-hidden=\"true\" class=\"wp-block-spacer\"><\/div>\n\n\n\n<p class=\"has-heading-font-family\" style=\"font-size:clamp(0.875rem, 0.875rem + ((1vw - 0.2rem) * 0.773), 1.3rem);\"><a><\/a><a><u>\u00dcberschreitung der gebuchten Fahrzeit<\/u><\/a><\/p>\n\n\n\n<p class=\"has-heading-font-family\" style=\"font-size:clamp(0.875rem, 0.875rem + ((1vw - 0.2rem) * 0.591), 1.2rem);\">Sollte die gebuchte Fahrzeit \u00fcberschritten werden, wird der jeweils n\u00e4chste h\u00f6here Tarif berechnet und f\u00e4llig. Davon ausgeschlossen ist die An- und Abfahrtszeit.<\/p>\n\n\n\n<p class=\"has-heading-font-family\" style=\"font-size:clamp(0.875rem, 0.875rem + ((1vw - 0.2rem) * 0.591), 1.2rem);\"><em>Beispiel<\/em>: Wird eine Buchung f\u00fcr 2 Stunden Oldtimer-Fahrt vor Ort \u00fcberschritten, werden die Kosten f\u00fcr 4 Stunden in Rechnung gestellt. Wird eine Buchung f\u00fcr 4 Stunden \u00fcberschritten, werden die Kosten f\u00fcr einen ganzen Tag (8 Stunden) in Rechnung gestellt.<\/p>\n\n\n\n<div style=\"height:12px\" aria-hidden=\"true\" class=\"wp-block-spacer\"><\/div>\n\n\n\n<p class=\"has-heading-font-family\" style=\"font-size:clamp(0.875rem, 0.875rem + ((1vw - 0.2rem) * 0.773), 1.3rem);text-decoration:underline\">\u00dcbernachtungskosten<\/p>\n\n\n\n<p class=\"has-heading-font-family\" style=\"font-size:clamp(0.875rem, 0.875rem + ((1vw - 0.2rem) * 0.591), 1.2rem);text-decoration:none\">Falls die Anfahrt mehr als 3 Stunden dauert und die Buchung f\u00fcr die Oldtimer-Fahrt mindestens 4 Stunden betr\u00e4gt, k\u00f6nnen \u00dcbernachtungskosten f\u00fcr den Fahrer anfallen. Diese Kosten tr\u00e4gt der Kunde zus\u00e4tzlich.<\/p>\n\n\n\n<div style=\"height:18px\" aria-hidden=\"true\" class=\"wp-block-spacer\"><\/div>\n\n\n\n<p class=\"has-heading-font-family\" style=\"font-size:clamp(0.875rem, 0.875rem + ((1vw - 0.2rem) * 0.591), 1.2rem);\">F\u00fcr detaillierte Informationen und spezifische Kostensch\u00e4tzungen kontaktieren Sie uns bitte direkt.<\/p>\n\n\n\n<div style=\"height:14px\" aria-hidden=\"true\" class=\"wp-block-spacer\"><\/div>\n\n\n\n<hr class=\"wp-block-separator has-alpha-channel-opacity is-style-wide\"\/>\n\n\n\n<div style=\"height:11px\" aria-hidden=\"true\" class=\"wp-block-spacer\"><\/div>\n\n\n\n<h2 class=\"wp-block-heading\" id=\"picknickfahrten\">Picknickfahrten<\/h2>\n\n\n\n<p class=\"has-heading-font-family\" style=\"font-size:clamp(0.875rem, 0.875rem + ((1vw - 0.2rem) * 0.591), 1.2rem);\">Lassen Sie sich von uns verw\u00f6hnen und genie\u00dfen Sie eine traumhafte Zeit in der Natur \u2013 stilvoll, romantisch und unvergesslich. Buchen Sie jetzt Ihre Picknickfahrt im Mercedes-Benz 220 SEb Cabrio und erleben Sie unvergessliche Momente.<\/p>\n\n\n\n<p class=\"has-heading-font-family\" style=\"font-size:clamp(0.875rem, 0.875rem + ((1vw - 0.2rem) * 0.773), 1.3rem);text-decoration:underline\">Unsere Angebote<\/p>\n\n\n\n<ul class=\"wp-block-list\">\n<li class=\"has-heading-font-family\" style=\"font-size:clamp(0.875rem, 0.875rem + ((1vw - 0.2rem) * 0.591), 1.2rem);\">4 Stunden Ausflug: 550 \u20ac<\/li>\n\n\n\n<li class=\"has-heading-font-family\" style=\"font-size:clamp(0.875rem, 0.875rem + ((1vw - 0.2rem) * 0.591), 1.2rem);\">5 Stunden Ausflug: 650 \u20ac<\/li>\n\n\n\n<li class=\"has-heading-font-family\" style=\"font-size:clamp(0.875rem, 0.875rem + ((1vw - 0.2rem) * 0.591), 1.2rem);\">6 Stunden Ausflug: 800 \u20ac<\/li>\n<\/ul>\n\n\n\n<p class=\"has-heading-font-family\" style=\"font-size:clamp(0.875rem, 0.875rem + ((1vw - 0.2rem) * 0.591), 1.2rem);\">Inklusive ist ein charmanter Chauffeur mit professionellem Auftreten im Anzug, wahlweise m\u00e4nnlich oder weiblich, und auf Wunsch auch mit Zylinder oder in Tracht.<\/p>\n\n\n\n<p class=\"has-heading-font-family\" style=\"font-size:clamp(0.875rem, 0.875rem + ((1vw - 0.2rem) * 0.591), 1.2rem);\">Der Chauffeur holt Sie gerne zuhause ab und zieht sich w\u00e4hrend des Picknicks zur\u00fcck, damit Sie dieses ungest\u00f6rt genie\u00dfen k\u00f6nnen.<\/p>\n\n\n\n<div style=\"height:13px\" aria-hidden=\"true\" class=\"wp-block-spacer\"><\/div>\n\n\n\n<p class=\"has-heading-font-family\" style=\"font-size:clamp(0.875rem, 0.875rem + ((1vw - 0.2rem) * 0.773), 1.3rem);text-decoration:underline\">Unsere exklusiven Picknick-Pakete<\/p>\n\n\n\n<p><strong>Paket 1 \u2013 69,90 \u20ac<\/strong><\/p>\n\n\n\n<ul class=\"wp-block-list\">\n<li class=\"has-heading-font-family\" style=\"font-size:clamp(0.875rem, 0.875rem + ((1vw - 0.2rem) * 0.591), 1.2rem);\">1 Flasche Wei\u00df-, Rot- oder Perlwein<\/li>\n\n\n\n<li class=\"has-heading-font-family\" style=\"font-size:clamp(0.875rem, 0.875rem + ((1vw - 0.2rem) * 0.591), 1.2rem);\">Kleine Feinkostplatte* mit Wurst und K\u00e4se<\/li>\n\n\n\n<li class=\"has-heading-font-family\" style=\"font-size:clamp(0.875rem, 0.875rem + ((1vw - 0.2rem) * 0.591), 1.2rem);\">Hausgemachtes Brot und Butter<\/li>\n\n\n\n<li class=\"has-heading-font-family\" style=\"font-size:clamp(0.875rem, 0.875rem + ((1vw - 0.2rem) * 0.591), 1.2rem);\">Trauben, Oliven und selbstgemachte Kartoffelchips<\/li>\n<\/ul>\n\n\n\n<p><strong>Paket 2 \u2013 119,90 \u20ac<\/strong><\/p>\n\n\n\n<ul class=\"wp-block-list\">\n<li class=\"has-heading-font-family\" style=\"font-size:clamp(0.875rem, 0.875rem + ((1vw - 0.2rem) * 0.591), 1.2rem);\">1 Flasche Wei\u00df-, Rot- oder Perlwein<\/li>\n\n\n\n<li class=\"has-heading-font-family\" style=\"font-size:clamp(0.875rem, 0.875rem + ((1vw - 0.2rem) * 0.591), 1.2rem);\">Mittlere Feinkostplatte** mit Wurst und K\u00e4se<\/li>\n\n\n\n<li class=\"has-heading-font-family\" style=\"font-size:clamp(0.875rem, 0.875rem + ((1vw - 0.2rem) * 0.591), 1.2rem);\">Hausgemachtes Brot und Butter<\/li>\n\n\n\n<li class=\"has-heading-font-family\" style=\"font-size:clamp(0.875rem, 0.875rem + ((1vw - 0.2rem) * 0.591), 1.2rem);\">Trauben, Oliven und selbstgemachte Kartoffelchips<\/li>\n<\/ul>\n\n\n\n<p><strong>Paket 3 \u2013 189,90 \u20ac<\/strong><\/p>\n\n\n\n<ul class=\"wp-block-list\">\n<li class=\"has-heading-font-family\" style=\"font-size:clamp(0.875rem, 0.875rem + ((1vw - 0.2rem) * 0.591), 1.2rem);\">1 Flasche Wei\u00df-, Rot- oder Perlwein<\/li>\n\n\n\n<li class=\"has-heading-font-family\" style=\"font-size:clamp(0.875rem, 0.875rem + ((1vw - 0.2rem) * 0.591), 1.2rem);\">Gro\u00dfe Feinkostplatte*** mit Wurst und K\u00e4se<\/li>\n\n\n\n<li class=\"has-heading-font-family\" style=\"font-size:clamp(0.875rem, 0.875rem + ((1vw - 0.2rem) * 0.591), 1.2rem);\">Hausgemachtes Brot und Butter<\/li>\n\n\n\n<li class=\"has-heading-font-family\" style=\"font-size:clamp(0.875rem, 0.875rem + ((1vw - 0.2rem) * 0.591), 1.2rem);\">Trauben, Oliven und selbstgemachte Kartoffelchips<\/li>\n<\/ul>\n\n\n\n<p><strong>Paket 4 \u2013 249,90 \u20ac<\/strong><\/p>\n\n\n\n<ul class=\"wp-block-list\">\n<li class=\"has-heading-font-family\" style=\"font-size:clamp(0.875rem, 0.875rem + ((1vw - 0.2rem) * 0.591), 1.2rem);\">1 Flasche Wei\u00df-, Rotwein oder Champagner<\/li>\n\n\n\n<li class=\"has-heading-font-family\" style=\"font-size:clamp(0.875rem, 0.875rem + ((1vw - 0.2rem) * 0.591), 1.2rem);\">Hausgemachtes Brot<\/li>\n\n\n\n<li class=\"has-heading-font-family\" style=\"font-size:clamp(0.875rem, 0.875rem + ((1vw - 0.2rem) * 0.591), 1.2rem);\">Feinkostplatte Deluxe**** mit Wurst und K\u00e4se<\/li>\n\n\n\n<li class=\"has-heading-font-family\" style=\"font-size:clamp(0.875rem, 0.875rem + ((1vw - 0.2rem) * 0.591), 1.2rem);\">Tr\u00fcffelbutter, Sardellen, Sardinen, Kaviar, Artischocken, Austern<\/li>\n<\/ul>\n\n\n\n<div style=\"height:6px\" aria-hidden=\"true\" class=\"wp-block-spacer\"><\/div>\n\n\n\n<p class=\"has-heading-font-family\" style=\"font-size:clamp(0.875rem, 0.875rem + ((1vw - 0.2rem) * 0.591), 1.2rem);\"><em>Individuelle W\u00fcnsche werden ber\u00fccksichtigt, auch vegetarische und vegane Optionen sind verf\u00fcgbar. Die Qualit\u00e4t des Weins variiert je nach Paket.<\/em><\/p>\n\n\n\n<p class=\"has-heading-font-family\" style=\"font-size:clamp(0.875rem, 0.875rem + ((1vw - 0.2rem) * 0.591), 1.2rem);\"><em>Auf Wunsch k\u00f6nnen zus\u00e4tzliche Optionen und individuelle Arrangements nach Absprache vereinbart werden.<\/em><\/p>\n\n\n\n<div style=\"height:6px\" aria-hidden=\"true\" class=\"wp-block-spacer\"><\/div>\n\n\n\n<p class=\"has-heading-font-family\" style=\"font-size:clamp(0.875rem, 0.875rem + ((1vw - 0.2rem) * 0.591), 1.2rem);\"><strong>*<\/strong>kleine Feinkostplatte: jeweils drei verschiedene K\u00e4se- und Wurstsorten<\/p>\n\n\n\n<p class=\"has-heading-font-family\" style=\"font-size:clamp(0.875rem, 0.875rem + ((1vw - 0.2rem) * 0.591), 1.2rem);\"><strong>**<\/strong>mittlere Feinkostplatte: jeweils f\u00fcnf verschiedene K\u00e4se- und Wurstsorten<\/p>\n\n\n\n<p class=\"has-heading-font-family\" style=\"font-size:clamp(0.875rem, 0.875rem + ((1vw - 0.2rem) * 0.591), 1.2rem);\"><strong>***<\/strong>gro\u00dfe Feinkostplatte: jeweils sieben verschiedene K\u00e4se- und Wurstsorten<\/p>\n\n\n\n<p class=\"has-heading-font-family\" style=\"font-size:clamp(0.875rem, 0.875rem + ((1vw - 0.2rem) * 0.591), 1.2rem);\"><strong>****<\/strong>Feinkostplatte Deluxe: exklusive Auswahl an verschiedenen K\u00e4se- und Wurstsorten, zudem u.a. Tr\u00fcfelbutter, Sardellen, Sardinen, Kaviar, Artischocken, Austern<\/p>\n\n\n\n<div style=\"height:12px\" aria-hidden=\"true\" class=\"wp-block-spacer\"><\/div>\n\n\n\n<p class=\"has-heading-font-family\" style=\"font-size:clamp(0.875rem, 0.875rem + ((1vw - 0.2rem) * 0.773), 1.3rem);text-decoration:underline\">An- und Abfahrtskosten<\/p>\n\n\n\n<p class=\"has-heading-font-family\" style=\"font-size:clamp(0.875rem, 0.875rem + ((1vw - 0.2rem) * 0.591), 1.2rem);\">Bitte beachten Sie, dass zu den genannten Preisen zus\u00e4tzliche <strong>An- und Abfahrtskosten in H\u00f6he von 0,50 \u20ac pro Kilometer<\/strong> hinzukommen.<\/p>\n\n\n\n<p class=\"has-heading-font-family\" style=\"font-size:clamp(0.875rem, 0.875rem + ((1vw - 0.2rem) * 0.591), 1.2rem);\">Unser Ziel ist es, Ihnen einen erstklassigen Service zu bieten und dabei eine transparente Preisgestaltung zu gew\u00e4hrleisten. Sprechen Sie uns gerne an, um die genauen Kosten f\u00fcr Ihre Wunschroute zu erfahren.<\/p>\n\n\n\n<div style=\"height:14px\" aria-hidden=\"true\" class=\"wp-block-spacer\"><\/div>\n\n\n\n<p class=\"has-heading-font-family\" style=\"font-size:clamp(0.875rem, 0.875rem + ((1vw - 0.2rem) * 0.773), 1.3rem);text-decoration:underline\">\u00dcberschreitung der gebuchten Fahrzeit<\/p>\n\n\n\n<p class=\"has-heading-font-family\" style=\"font-size:clamp(0.875rem, 0.875rem + ((1vw - 0.2rem) * 0.591), 1.2rem);\">Bitte beachten Sie: sollte die gebuchte Fahrzeit \u00fcberschritten werden, wird der jeweils n\u00e4chste h\u00f6here Tarif berechnet und f\u00e4llig.<\/p>\n\n\n\n<p class=\"has-heading-font-family\" style=\"font-size:clamp(0.875rem, 0.875rem + ((1vw - 0.2rem) * 0.591), 1.2rem);\"><em>Beispiel<\/em>: Wird eine Buchung f\u00fcr 2 Stunden \u00fcberschritten, werden die Kosten f\u00fcr 4 Stunden in Rechnung gestellt. Wird eine Buchung f\u00fcr 4 Stunden \u00fcberschritten, werden die Kosten f\u00fcr einen ganzen Tag (8 Stunden) in Rechnung gestellt.<\/p>\n\n\n\n<p><\/p>\n","protected":false},"excerpt":{"rendered":"<p>Oldtimer-Fahrten Picknickfahrten Oldtimer-Fahrten Lassen Sie sich von der Eleganz vergangener Zeiten verzaubern und machen Sie Ihre Feier zu einem einzigartigen Erlebnis. Kontaktieren Sie uns noch heute und buchen Sie Ihre nostalgische Oldtimer-Fahrt! Unsere Tarife: Inklusive Leistungen Zusatzleistungen An- und Abfahrtskosten Bitte beachten Sie, dass zu den genannten Preisen zus\u00e4tzliche An- und Abfahrtskosten in H\u00f6he von [&hellip;]<\/p>\n","protected":false},"author":1,"featured_media":0,"parent":0,"menu_order":0,"comment_status":"closed","ping_status":"closed","template":"","meta":{"footnotes":""},"class_list":["post-36","page","type-page","status-publish","hentry"],"_links":{"self":[{"href":"https:\/\/oldtimer-fahrten-bayern.de\/startseite\/wp-json\/wp\/v2\/pages\/36","targetHints":{"allow":["GET"]}}],"collection":[{"href":"https:\/\/oldtimer-fahrten-bayern.de\/startseite\/wp-json\/wp\/v2\/pages"}],"about":[{"href":"https:\/\/oldtimer-fahrten-bayern.de\/startseite\/wp-json\/wp\/v2\/types\/page"}],"author":[{"embeddable":true,"href":"https:\/\/oldtimer-fahrten-bayern.de\/startseite\/wp-json\/wp\/v2\/users\/1"}],"replies":[{"embeddable":true,"href":"https:\/\/oldtimer-fahrten-bayern.de\/startseite\/wp-json\/wp\/v2\/comments?post=36"}],"version-history":[{"count":16,"href":"https:\/\/oldtimer-fahrten-bayern.de\/startseite\/wp-json\/wp\/v2\/pages\/36\/revisions"}],"predecessor-version":[{"id":199,"href":"https:\/\/oldtimer-fahrten-bayern.de\/startseite\/wp-json\/wp\/v2\/pages\/36\/revisions\/199"}],"wp:attachment":[{"href":"https:\/\/oldtimer-fahrten-bayern.de\/startseite\/wp-json\/wp\/v2\/media?parent=36"}],"curies":[{"name":"wp","href":"https:\/\/api.w.org\/{rel}","templated":true}]}}