{"id":26,"date":"2024-07-02T23:17:57","date_gmt":"2024-07-02T21:17:57","guid":{"rendered":"http:\/\/oldtimer-fahrten-bayern.de\/oldtimer\/?page_id=26"},"modified":"2024-11-28T18:32:25","modified_gmt":"2024-11-28T17:32:25","slug":"ueber-uns","status":"publish","type":"page","link":"https:\/\/oldtimer-fahrten-bayern.de\/startseite\/ueber-uns\/","title":{"rendered":"\u00dcber Uns"},"content":{"rendered":"\n<div class=\"wp-block-group is-nowrap is-layout-flex wp-container-core-group-is-layout-6c531013 wp-block-group-is-layout-flex\">\n<p><a href=\"#unsere-geschichte\">Unsere Geschichte<\/a><\/p>\n\n\n\n<p><a href=\"#unser-team\" data-type=\"internal\" data-id=\"#unser-team\">Unser Team<\/a><\/p>\n<\/div>\n\n\n\n<div style=\"height:8px\" aria-hidden=\"true\" class=\"wp-block-spacer\"><\/div>\n\n\n\n<h2 class=\"wp-block-heading has-text-align-left\" id=\"unsere-geschichte\" style=\"margin-top:0;margin-right:0;margin-bottom:0;margin-left:0;padding-top:0;padding-right:0;padding-bottom:0;padding-left:0\">Unsere Geschichte<\/h2>\n\n\n\n<p class=\"has-heading-font-family\" style=\"font-size:clamp(0.984rem, 0.984rem + ((1vw - 0.2rem) * 0.938), 1.5rem);text-decoration:none;text-transform:none\">Unsere Leidenschaft f\u00fcr Oldtimer und unser Engagement f\u00fcr exzellenten Service machen uns zu Ihrem perfekten Partner f\u00fcr unvergessliche Fahrten. Erfahren Sie mehr \u00fcber unsere Geschichte und unser Team.<\/p>\n\n\n\n<div style=\"height:14px\" aria-hidden=\"true\" class=\"wp-block-spacer\"><\/div>\n\n\n\n<h2 class=\"wp-block-heading\" id=\"unser-team\">Unser Team<\/h2>\n\n\n\n<p class=\"has-heading-font-family\" style=\"font-size:clamp(0.984rem, 0.984rem + ((1vw - 0.2rem) * 0.938), 1.5rem);\">Lernen Sie unser engagiertes und leidenschaftliches Team kennen, das hinter unseren nostalgischen Oldtimerfahrten steht. Jeder von uns bringt seine einzigartigen Talente und Erfahrungen ein, um Ihnen ein unvergessliches Erlebnis zu bieten.<\/p>\n\n\n\n<div style=\"height:11px\" aria-hidden=\"true\" class=\"wp-block-spacer\"><\/div>\n\n\n\n<hr class=\"wp-block-separator has-alpha-channel-opacity is-style-wide\"\/>\n\n\n\n<div style=\"height:12px\" aria-hidden=\"true\" class=\"wp-block-spacer\"><\/div>\n\n\n\n<div class=\"wp-block-columns is-layout-flex wp-container-core-columns-is-layout-28f84493 wp-block-columns-is-layout-flex\">\n<div class=\"wp-block-column has-global-padding is-content-justification-center is-layout-constrained wp-block-column-is-layout-constrained\" style=\"flex-basis:33.33%\">\n<figure class=\"wp-block-image size-large\"><img loading=\"lazy\" decoding=\"async\" width=\"1024\" height=\"768\" src=\"http:\/\/oldtimer-fahrten-bayern.de\/wp-content\/uploads\/2024\/11\/IMG_3260-1024x768.jpg\" alt=\"\" class=\"wp-image-189\" srcset=\"https:\/\/oldtimer-fahrten-bayern.de\/wp-content\/uploads\/2024\/11\/IMG_3260-1024x768.jpg 1024w, https:\/\/oldtimer-fahrten-bayern.de\/wp-content\/uploads\/2024\/11\/IMG_3260-300x225.jpg 300w, https:\/\/oldtimer-fahrten-bayern.de\/wp-content\/uploads\/2024\/11\/IMG_3260-768x576.jpg 768w, https:\/\/oldtimer-fahrten-bayern.de\/wp-content\/uploads\/2024\/11\/IMG_3260-1536x1152.jpg 1536w, https:\/\/oldtimer-fahrten-bayern.de\/wp-content\/uploads\/2024\/11\/IMG_3260-2048x1536.jpg 2048w\" sizes=\"auto, (max-width: 1024px) 100vw, 1024px\" \/><\/figure>\n<\/div>\n\n\n\n<div class=\"wp-block-column is-layout-flow wp-block-column-is-layout-flow\" style=\"flex-basis:66.66%\">\n<p class=\"has-heading-font-family\" style=\"font-size:clamp(0.875rem, 0.875rem + ((1vw - 0.2rem) * 0.591), 1.2rem);\"><strong>Xaver<\/strong> liebt alles, was mit Autos zu tun hat und teilt eine tiefe Leidenschaft f\u00fcr sie. Sein Talent im Umgang mit Menschen und seine Freude an der Organisation machen ihn zu einem wertvollen Teil unseres Teams. Xaver ist daf\u00fcr verantwortlich, dass unser Oldtimer stets in Bestform ist, und freut sich darauf, Ihre Fahrt zu einem unvergesslichen Erlebnis zu machen. Seine offene und kommunikative Art sorgt daf\u00fcr, dass Sie sich von Anfang an bestens betreut f\u00fchlen.<\/p>\n<\/div>\n<\/div>\n\n\n\n<div style=\"height:39px\" aria-hidden=\"true\" class=\"wp-block-spacer\"><\/div>\n\n\n\n<hr class=\"wp-block-separator has-alpha-channel-opacity is-style-wide\" style=\"margin-top:0;margin-bottom:0\"\/>\n\n\n\n<div style=\"height:17px\" aria-hidden=\"true\" class=\"wp-block-spacer\"><\/div>\n\n\n\n<div class=\"wp-block-columns is-layout-flex wp-container-core-columns-is-layout-28f84493 wp-block-columns-is-layout-flex\">\n<div class=\"wp-block-column has-global-padding is-layout-constrained wp-block-column-is-layout-constrained\" style=\"flex-basis:33.33%\">\n<figure class=\"wp-block-image size-large\"><img loading=\"lazy\" decoding=\"async\" width=\"768\" height=\"1024\" src=\"http:\/\/oldtimer-fahrten-bayern.de\/oldtimer\/wp-content\/uploads\/2024\/07\/Bild-Leander-Griwodz-1-768x1024.png\" alt=\"\" class=\"wp-image-41\" srcset=\"https:\/\/oldtimer-fahrten-bayern.de\/wp-content\/uploads\/2024\/07\/Bild-Leander-Griwodz-1-768x1024.png 768w, https:\/\/oldtimer-fahrten-bayern.de\/wp-content\/uploads\/2024\/07\/Bild-Leander-Griwodz-1-225x300.png 225w, https:\/\/oldtimer-fahrten-bayern.de\/wp-content\/uploads\/2024\/07\/Bild-Leander-Griwodz-1-1152x1536.png 1152w, https:\/\/oldtimer-fahrten-bayern.de\/wp-content\/uploads\/2024\/07\/Bild-Leander-Griwodz-1-1536x2048.png 1536w\" sizes=\"auto, (max-width: 768px) 100vw, 768px\" \/><\/figure>\n<\/div>\n\n\n\n<div class=\"wp-block-column is-layout-flow wp-block-column-is-layout-flow\" style=\"flex-basis:66.66%\">\n<p class=\"has-heading-font-family\" style=\"font-size:clamp(0.875rem, 0.875rem + ((1vw - 0.2rem) * 0.591), 1.2rem);\"><strong>Leander<\/strong> hat eine tiefe Verbundenheit zu unserem Mercedes-Benz und war ma\u00dfgeblich daran beteiligt, ihn wieder zum Leben zu erwecken. Zudem arbeitet er als Veranstaltungstechniker und ist auf gro\u00dfen Events als Licht- und Tontechniker im Einsatz. Auf Anfrage k\u00fcmmert er sich auch auf Ihrem Event um die Technik, Fotoboxen und mehr. Leander verbindet technisches Know-how mit einer Liebe zum Detail, um Ihr Erlebnis noch besonderer zu machen.<\/p>\n<\/div>\n<\/div>\n\n\n\n<div style=\"height:17px\" aria-hidden=\"true\" class=\"wp-block-spacer\"><\/div>\n\n\n\n<hr class=\"wp-block-separator has-alpha-channel-opacity is-style-wide\"\/>\n\n\n\n<div style=\"height:29px\" aria-hidden=\"true\" class=\"wp-block-spacer\"><\/div>\n\n\n\n<div class=\"wp-block-columns is-layout-flex wp-container-core-columns-is-layout-28f84493 wp-block-columns-is-layout-flex\">\n<div class=\"wp-block-column has-global-padding is-layout-constrained wp-block-column-is-layout-constrained\" style=\"flex-basis:33.33%\">\n<figure class=\"wp-block-image size-full\"><img loading=\"lazy\" decoding=\"async\" width=\"1713\" height=\"1285\" src=\"http:\/\/oldtimer-fahrten-bayern.de\/wp-content\/uploads\/2024\/11\/IMG_2573-edited.jpg\" alt=\"\" class=\"wp-image-194\" srcset=\"https:\/\/oldtimer-fahrten-bayern.de\/wp-content\/uploads\/2024\/11\/IMG_2573-edited.jpg 1713w, https:\/\/oldtimer-fahrten-bayern.de\/wp-content\/uploads\/2024\/11\/IMG_2573-edited-300x225.jpg 300w, https:\/\/oldtimer-fahrten-bayern.de\/wp-content\/uploads\/2024\/11\/IMG_2573-edited-1024x768.jpg 1024w, https:\/\/oldtimer-fahrten-bayern.de\/wp-content\/uploads\/2024\/11\/IMG_2573-edited-768x576.jpg 768w, https:\/\/oldtimer-fahrten-bayern.de\/wp-content\/uploads\/2024\/11\/IMG_2573-edited-1536x1152.jpg 1536w\" sizes=\"auto, (max-width: 1713px) 100vw, 1713px\" \/><\/figure>\n<\/div>\n\n\n\n<div class=\"wp-block-column is-layout-flow wp-block-column-is-layout-flow\" style=\"flex-basis:66.66%\">\n<p class=\"has-heading-font-family\" style=\"font-size:clamp(0.875rem, 0.875rem + ((1vw - 0.2rem) * 0.591), 1.2rem);\"><strong>Tabea<\/strong> hat ein besonderes Faible f\u00fcr Hochzeiten und feierliche Veranstaltungen, bei denen die gute Stimmung sp\u00fcrbar ist. Sie bringt gerne ihr Organisationstalent ein und k\u00fcmmert sich mit Hingabe um die Buchungen und die perfekte Planung Ihrer Oldtimer-Fahrten. Mit ihrer fr\u00f6hlich-aufgeweckten Art steht sie Ihnen mit Rat und Tat zur Seite, um Ihren besonderen Tag unvergesslich zu machen.<\/p>\n<\/div>\n<\/div>\n\n\n\n<div aria-hidden=\"true\" class=\"wp-block-spacer\"><\/div>\n\n\n\n<hr class=\"wp-block-separator has-alpha-channel-opacity is-style-wide\"\/>\n","protected":false},"excerpt":{"rendered":"<p>Unsere Geschichte Unser Team Unsere Geschichte Unsere Leidenschaft f\u00fcr Oldtimer und unser Engagement f\u00fcr exzellenten Service machen uns zu Ihrem perfekten Partner f\u00fcr unvergessliche Fahrten. Erfahren Sie mehr \u00fcber unsere Geschichte und unser Team. Unser Team Lernen Sie unser engagiertes und leidenschaftliches Team kennen, das hinter unseren nostalgischen Oldtimerfahrten steht. Jeder von uns bringt seine [&hellip;]<\/p>\n","protected":false},"author":1,"featured_media":0,"parent":0,"menu_order":0,"comment_status":"closed","ping_status":"closed","template":"","meta":{"footnotes":""},"class_list":["post-26","page","type-page","status-publish","hentry"],"_links":{"self":[{"href":"https:\/\/oldtimer-fahrten-bayern.de\/startseite\/wp-json\/wp\/v2\/pages\/26","targetHints":{"allow":["GET"]}}],"collection":[{"href":"https:\/\/oldtimer-fahrten-bayern.de\/startseite\/wp-json\/wp\/v2\/pages"}],"about":[{"href":"https:\/\/oldtimer-fahrten-bayern.de\/startseite\/wp-json\/wp\/v2\/types\/page"}],"author":[{"embeddable":true,"href":"https:\/\/oldtimer-fahrten-bayern.de\/startseite\/wp-json\/wp\/v2\/users\/1"}],"replies":[{"embeddable":true,"href":"https:\/\/oldtimer-fahrten-bayern.de\/startseite\/wp-json\/wp\/v2\/comments?post=26"}],"version-history":[{"count":13,"href":"https:\/\/oldtimer-fahrten-bayern.de\/startseite\/wp-json\/wp\/v2\/pages\/26\/revisions"}],"predecessor-version":[{"id":197,"href":"https:\/\/oldtimer-fahrten-bayern.de\/startseite\/wp-json\/wp\/v2\/pages\/26\/revisions\/197"}],"wp:attachment":[{"href":"https:\/\/oldtimer-fahrten-bayern.de\/startseite\/wp-json\/wp\/v2\/media?parent=26"}],"curies":[{"name":"wp","href":"https:\/\/api.w.org\/{rel}","templated":true}]}}